{"id":6,"date":"2026-01-13T09:21:53","date_gmt":"2026-01-13T09:21:53","guid":{"rendered":"https:\/\/serinemsevilla.rkinformatika.online\/?page_id=6"},"modified":"2026-01-13T12:18:16","modified_gmt":"2026-01-13T12:18:16","slug":"servicios","status":"publish","type":"page","link":"https:\/\/serinemsevilla.com\/en\/servicios\/","title":{"rendered":"Services"},"content":{"rendered":"<div data-elementor-type=\"wp-page\" data-elementor-id=\"6\" class=\"elementor elementor-6\" data-elementor-post-type=\"page\">\n\t\t\t\t<div class=\"elementor-element elementor-element-f18ed53 e-flex e-con-boxed e-con e-parent\" data-id=\"f18ed53\" data-element_type=\"container\" data-e-type=\"container\" data-settings=\"{&quot;background_background&quot;:&quot;classic&quot;}\">\n\t\t\t\t\t<div class=\"e-con-inner\">\n\t\t<div class=\"elementor-element elementor-element-b24acc7 e-con-full e-flex e-con e-child\" data-id=\"b24acc7\" data-element_type=\"container\" data-e-type=\"container\">\n\t\t\t\t<\/div>\n\t\t\t\t\t<\/div>\n\t\t\t\t<\/div>\n\t\t<div class=\"elementor-element elementor-element-1bad6c6 e-flex e-con-boxed elementor-invisible e-con e-parent\" data-id=\"1bad6c6\" data-element_type=\"container\" data-e-type=\"container\" data-settings=\"{&quot;animation&quot;:&quot;fadeInUp&quot;,&quot;background_background&quot;:&quot;classic&quot;,&quot;shape_divider_top&quot;:&quot;tilt&quot;,&quot;shape_divider_bottom&quot;:&quot;tilt&quot;}\">\n\t\t\t\t\t<div class=\"e-con-inner\">\n\t\t\t\t<div class=\"elementor-shape elementor-shape-top\" aria-hidden=\"true\" data-negative=\"false\">\n\t\t\t<svg xmlns=\"http:\/\/www.w3.org\/2000\/svg\" viewbox=\"0 0 1000 100\" preserveaspectratio=\"none\">\n\t<path class=\"elementor-shape-fill\" d=\"M0,6V0h1000v100L0,6z\"\/>\n<\/svg>\t\t<\/div>\n\t\t\t\t<div class=\"elementor-shape elementor-shape-bottom\" aria-hidden=\"true\" data-negative=\"false\">\n\t\t\t<svg xmlns=\"http:\/\/www.w3.org\/2000\/svg\" viewbox=\"0 0 1000 100\" preserveaspectratio=\"none\">\n\t<path class=\"elementor-shape-fill\" d=\"M0,6V0h1000v100L0,6z\"\/>\n<\/svg>\t\t<\/div>\n\t\t<div class=\"elementor-element elementor-element-c3b0940 e-con-full e-flex e-con e-child\" data-id=\"c3b0940\" data-element_type=\"container\" data-e-type=\"container\">\n\t\t\t\t<div class=\"elementor-element elementor-element-cfe1682 elementor-widget elementor-widget-image\" data-id=\"cfe1682\" data-element_type=\"widget\" data-e-type=\"widget\" data-widget_type=\"image.default\">\n\t\t\t\t\t\t\t\t\t\t\t\t\t\t\t<img fetchpriority=\"high\" decoding=\"async\" width=\"768\" height=\"502\" src=\"https:\/\/serinemsevilla.com\/wp-content\/uploads\/2026\/01\/11183289-768x502.jpg\" class=\"attachment-medium_large size-medium_large wp-image-348\" alt=\"\" srcset=\"https:\/\/serinemsevilla.com\/wp-content\/uploads\/2026\/01\/11183289-768x502.jpg 768w, https:\/\/serinemsevilla.com\/wp-content\/uploads\/2026\/01\/11183289-300x196.jpg 300w, https:\/\/serinemsevilla.com\/wp-content\/uploads\/2026\/01\/11183289-18x12.jpg 18w, https:\/\/serinemsevilla.com\/wp-content\/uploads\/2026\/01\/11183289.jpg 1000w\" sizes=\"(max-width: 768px) 100vw, 768px\" \/>\t\t\t\t\t\t\t\t\t\t\t\t\t\t\t<\/div>\n\t\t\t\t<\/div>\n\t\t<div class=\"elementor-element elementor-element-fdca95e e-con-full e-flex e-con e-child\" data-id=\"fdca95e\" data-element_type=\"container\" data-e-type=\"container\">\n\t\t\t\t<div class=\"elementor-element elementor-element-004c5c6 elementor-invisible elementor-widget elementor-widget-heading\" data-id=\"004c5c6\" data-element_type=\"widget\" data-e-type=\"widget\" data-settings=\"{&quot;_animation&quot;:&quot;fadeIn&quot;,&quot;_animation_delay&quot;:50}\" data-widget_type=\"heading.default\">\n\t\t\t\t\t<h2 class=\"elementor-heading-title elementor-size-default\">SERVICIOS<\/h2>\t\t\t\t<\/div>\n\t\t\t\t<div class=\"elementor-element elementor-element-a485bab elementor-invisible elementor-widget elementor-widget-heading\" data-id=\"a485bab\" data-element_type=\"widget\" data-e-type=\"widget\" data-settings=\"{&quot;_animation&quot;:&quot;fadeIn&quot;,&quot;_animation_delay&quot;:100}\" data-widget_type=\"heading.default\">\n\t\t\t\t\t<h2 class=\"elementor-heading-title elementor-size-default\">Nuestros Servicios<\/h2>\t\t\t\t<\/div>\n\t\t\t\t<div class=\"elementor-element elementor-element-9e22107 elementor-widget elementor-widget-text-editor\" data-id=\"9e22107\" data-element_type=\"widget\" data-e-type=\"widget\" data-widget_type=\"text-editor.default\">\n\t\t\t\t\t\t\t\t\t<p>Nos dedicamos a brindar un asesoramiento completo y exhaustivo a empresas, aut\u00f3nomos y particulares en las \u00e1reas Laboral, Fiscal y Contable, asegurando que cada uno de nuestros clientes reciba la atenci\u00f3n y el apoyo necesarios para enfrentar sus desaf\u00edos econ\u00f3micos y legales de la mejor manera posible.<\/p>\t\t\t\t\t\t\t\t<\/div>\n\t\t\t\t<\/div>\n\t\t\t\t\t<\/div>\n\t\t\t\t<\/div>\n\t\t<div class=\"elementor-element elementor-element-7009267 e-flex e-con-boxed e-con e-parent\" data-id=\"7009267\" data-element_type=\"container\" data-e-type=\"container\" data-settings=\"{&quot;background_background&quot;:&quot;classic&quot;}\">\n\t\t\t\t\t<div class=\"e-con-inner\">\n\t\t\t\t<div class=\"elementor-element elementor-element-a0ed410 elementor-invisible elementor-widget elementor-widget-heading\" data-id=\"a0ed410\" data-element_type=\"widget\" data-e-type=\"widget\" data-settings=\"{&quot;_animation&quot;:&quot;fadeInRight&quot;,&quot;_animation_delay&quot;:100}\" data-widget_type=\"heading.default\">\n\t\t\t\t\t<h2 class=\"elementor-heading-title elementor-size-default\">\u00a1Nos ocupamos de impuestos, n\u00f3minas y contabilidad para que tu d\u00eda a d\u00eda sea m\u00e1s f\u00e1cil y seguro!<\/h2>\t\t\t\t<\/div>\n\t\t\t\t<div class=\"elementor-element elementor-element-9761648 elementor-invisible elementor-widget elementor-widget-button\" data-id=\"9761648\" data-element_type=\"widget\" data-e-type=\"widget\" data-settings=\"{&quot;_animation&quot;:&quot;fadeInLeft&quot;}\" data-widget_type=\"button.default\">\n\t\t\t\t\t\t\t\t\t\t<a class=\"elementor-button elementor-button-link elementor-size-sm\" href=\"\/en\/contacto\/\">\n\t\t\t\t\t\t<span class=\"elementor-button-content-wrapper\">\n\t\t\t\t\t\t\t\t\t<span class=\"elementor-button-text\">Cont\u00e1ctanos<\/span>\n\t\t\t\t\t<\/span>\n\t\t\t\t\t<\/a>\n\t\t\t\t\t\t\t\t<\/div>\n\t\t\t\t\t<\/div>\n\t\t\t\t<\/div>\n\t\t<div class=\"elementor-element elementor-element-1cb7b60 e-flex e-con-boxed elementor-invisible e-con e-parent\" data-id=\"1cb7b60\" data-element_type=\"container\" data-e-type=\"container\" data-settings=\"{&quot;background_background&quot;:&quot;classic&quot;,&quot;shape_divider_top&quot;:&quot;tilt&quot;,&quot;animation&quot;:&quot;fadeInUp&quot;}\">\n\t\t\t\t\t<div class=\"e-con-inner\">\n\t\t\t\t<div class=\"elementor-shape elementor-shape-top\" aria-hidden=\"true\" data-negative=\"false\">\n\t\t\t<svg xmlns=\"http:\/\/www.w3.org\/2000\/svg\" viewbox=\"0 0 1000 100\" preserveaspectratio=\"none\">\n\t<path class=\"elementor-shape-fill\" d=\"M0,6V0h1000v100L0,6z\"\/>\n<\/svg>\t\t<\/div>\n\t\t<div class=\"elementor-element elementor-element-4e48ac5 e-con-full e-flex e-con e-child\" data-id=\"4e48ac5\" data-element_type=\"container\" data-e-type=\"container\">\n\t\t\t\t<div class=\"elementor-element elementor-element-4a08413 elementor-widget elementor-widget-image\" data-id=\"4a08413\" data-element_type=\"widget\" data-e-type=\"widget\" data-widget_type=\"image.default\">\n\t\t\t\t\t\t\t\t\t\t\t\t\t\t\t<img decoding=\"async\" width=\"150\" height=\"150\" src=\"https:\/\/serinemsevilla.com\/wp-content\/uploads\/2026\/01\/cropped-ico_web-150x150.png\" class=\"attachment-thumbnail size-thumbnail wp-image-27\" alt=\"\" srcset=\"https:\/\/serinemsevilla.com\/wp-content\/uploads\/2026\/01\/cropped-ico_web-150x150.png 150w, https:\/\/serinemsevilla.com\/wp-content\/uploads\/2026\/01\/cropped-ico_web-300x300.png 300w, https:\/\/serinemsevilla.com\/wp-content\/uploads\/2026\/01\/cropped-ico_web-12x12.png 12w, https:\/\/serinemsevilla.com\/wp-content\/uploads\/2026\/01\/cropped-ico_web-270x270.png 270w, https:\/\/serinemsevilla.com\/wp-content\/uploads\/2026\/01\/cropped-ico_web-192x192.png 192w, https:\/\/serinemsevilla.com\/wp-content\/uploads\/2026\/01\/cropped-ico_web-180x180.png 180w, https:\/\/serinemsevilla.com\/wp-content\/uploads\/2026\/01\/cropped-ico_web-32x32.png 32w, https:\/\/serinemsevilla.com\/wp-content\/uploads\/2026\/01\/cropped-ico_web.png 512w\" sizes=\"(max-width: 150px) 100vw, 150px\" \/>\t\t\t\t\t\t\t\t\t\t\t\t\t\t\t<\/div>\n\t\t\t\t<div class=\"elementor-element elementor-element-6023665 elementor-invisible elementor-widget elementor-widget-heading\" data-id=\"6023665\" data-element_type=\"widget\" data-e-type=\"widget\" data-settings=\"{&quot;_animation&quot;:&quot;fadeIn&quot;,&quot;_animation_delay&quot;:100}\" data-widget_type=\"heading.default\">\n\t\t\t\t\t<h2 class=\"elementor-heading-title elementor-size-default\">Nuestros Servicios<\/h2>\t\t\t\t<\/div>\n\t\t\t\t<\/div>\n\t\t\t\t\t<\/div>\n\t\t\t\t<\/div>\n\t\t<div class=\"elementor-element elementor-element-7109ed5 e-flex e-con-boxed elementor-invisible e-con e-parent\" data-id=\"7109ed5\" data-element_type=\"container\" data-e-type=\"container\" data-settings=\"{&quot;shape_divider_bottom&quot;:&quot;tilt&quot;,&quot;animation&quot;:&quot;fadeInUp&quot;}\">\n\t\t\t\t\t<div class=\"e-con-inner\">\n\t\t\t\t<div class=\"elementor-shape elementor-shape-bottom\" aria-hidden=\"true\" data-negative=\"false\">\n\t\t\t<svg xmlns=\"http:\/\/www.w3.org\/2000\/svg\" viewbox=\"0 0 1000 100\" preserveaspectratio=\"none\">\n\t<path class=\"elementor-shape-fill\" d=\"M0,6V0h1000v100L0,6z\"\/>\n<\/svg>\t\t<\/div>\n\t\t<div class=\"elementor-element elementor-element-99cc009 e-con-full e-flex e-con e-child\" data-id=\"99cc009\" data-element_type=\"container\" data-e-type=\"container\">\n\t\t\t\t<div class=\"elementor-element elementor-element-dbd0405 elementor-cta--skin-cover elementor-cta--valign-middle elementor-animated-content elementor-bg-transform elementor-bg-transform-zoom-in elementor-widget elementor-widget-call-to-action\" data-id=\"dbd0405\" data-element_type=\"widget\" data-e-type=\"widget\" data-widget_type=\"call-to-action.default\">\n\t\t\t\t\t\t\t<div class=\"elementor-cta\">\n\t\t\t\t\t<div class=\"elementor-cta__bg-wrapper\">\n\t\t\t\t<div class=\"elementor-cta__bg elementor-bg\" style=\"background-image: url(https:\/\/serinemsevilla.com\/wp-content\/uploads\/2026\/01\/2147876654.jpg);\" role=\"img\" aria-label=\"2147876654\"><\/div>\n\t\t\t\t<div class=\"elementor-cta__bg-overlay\"><\/div>\n\t\t\t<\/div>\n\t\t\t\t\t\t\t<div class=\"elementor-cta__content\">\n\t\t\t\t\n\t\t\t\t\t\t\t\t\t<h2 class=\"elementor-cta__title elementor-cta__content-item elementor-content-item elementor-animated-item--grow\">\n\t\t\t\t\t\tAsesoramiento Laboral\t\t\t\t\t<\/h2>\n\t\t\t\t\n\t\t\t\t\n\t\t\t\t\t\t\t<\/div>\n\t\t\t\t\t\t<\/div>\n\t\t\t\t\t\t<\/div>\n\t\t\t\t<\/div>\n\t\t<div class=\"elementor-element elementor-element-e020194 e-con-full e-flex e-con e-child\" data-id=\"e020194\" data-element_type=\"container\" data-e-type=\"container\">\n\t\t\t\t<div class=\"elementor-element elementor-element-7d66ba8 elementor-cta--skin-cover elementor-cta--valign-middle elementor-animated-content elementor-bg-transform elementor-bg-transform-zoom-in elementor-widget elementor-widget-call-to-action\" data-id=\"7d66ba8\" data-element_type=\"widget\" data-e-type=\"widget\" data-widget_type=\"call-to-action.default\">\n\t\t\t\t\t\t\t<div class=\"elementor-cta\">\n\t\t\t\t\t<div class=\"elementor-cta__bg-wrapper\">\n\t\t\t\t<div class=\"elementor-cta__bg elementor-bg\" style=\"background-image: url(https:\/\/serinemsevilla.com\/wp-content\/uploads\/2026\/01\/2147707823.jpg);\" role=\"img\" aria-label=\"2147707823\"><\/div>\n\t\t\t\t<div class=\"elementor-cta__bg-overlay\"><\/div>\n\t\t\t<\/div>\n\t\t\t\t\t\t\t<div class=\"elementor-cta__content\">\n\t\t\t\t\n\t\t\t\t\t\t\t\t\t<h2 class=\"elementor-cta__title elementor-cta__content-item elementor-content-item elementor-animated-item--grow\">\n\t\t\t\t\t\tAsesoramiento Fiscal\t\t\t\t\t<\/h2>\n\t\t\t\t\n\t\t\t\t\n\t\t\t\t\t\t\t<\/div>\n\t\t\t\t\t\t<\/div>\n\t\t\t\t\t\t<\/div>\n\t\t\t\t<\/div>\n\t\t<div class=\"elementor-element elementor-element-50ebe19 e-con-full e-flex e-con e-child\" data-id=\"50ebe19\" data-element_type=\"container\" data-e-type=\"container\">\n\t\t\t\t<div class=\"elementor-element elementor-element-dbcbbb4 elementor-cta--skin-cover elementor-cta--valign-middle elementor-widget-tablet__width-initial elementor-animated-content elementor-bg-transform elementor-bg-transform-zoom-in elementor-widget elementor-widget-call-to-action\" data-id=\"dbcbbb4\" data-element_type=\"widget\" data-e-type=\"widget\" data-widget_type=\"call-to-action.default\">\n\t\t\t\t\t\t\t<div class=\"elementor-cta\">\n\t\t\t\t\t<div class=\"elementor-cta__bg-wrapper\">\n\t\t\t\t<div class=\"elementor-cta__bg elementor-bg\" style=\"background-image: url(https:\/\/serinemsevilla.com\/wp-content\/uploads\/2026\/01\/1890.jpg);\" role=\"img\" aria-label=\"1890\"><\/div>\n\t\t\t\t<div class=\"elementor-cta__bg-overlay\"><\/div>\n\t\t\t<\/div>\n\t\t\t\t\t\t\t<div class=\"elementor-cta__content\">\n\t\t\t\t\n\t\t\t\t\t\t\t\t\t<h2 class=\"elementor-cta__title elementor-cta__content-item elementor-content-item elementor-animated-item--grow\">\n\t\t\t\t\t\tAsesoramiento Contable\t\t\t\t\t<\/h2>\n\t\t\t\t\n\t\t\t\t\n\t\t\t\t\t\t\t<\/div>\n\t\t\t\t\t\t<\/div>\n\t\t\t\t\t\t<\/div>\n\t\t\t\t<\/div>\n\t\t\t\t\t<\/div>\n\t\t\t\t<\/div>\n\t\t\t\t<\/div>","protected":false},"excerpt":{"rendered":"<p>SERVICIOS Nuestros Servicios Nos dedicamos a brindar un asesoramiento completo y exhaustivo a empresas, aut\u00f3nomos y particulares en las \u00e1reas Laboral, Fiscal y Contable, asegurando que cada uno de nuestros clientes reciba la atenci\u00f3n y el apoyo necesarios para enfrentar sus desaf\u00edos econ\u00f3micos y legales de la mejor manera posible. \u00a1Nos ocupamos de impuestos, n\u00f3minas [&hellip;]<\/p>\n","protected":false},"author":1,"featured_media":0,"parent":0,"menu_order":0,"comment_status":"closed","ping_status":"closed","template":"elementor_canvas","meta":{"footnotes":""},"class_list":["post-6","page","type-page","status-publish","hentry"],"yoast_head":"<!-- This site is optimized with the Yoast SEO plugin v27.4 - https:\/\/yoast.com\/product\/yoast-seo-wordpress\/ -->\n<title>Servicios - Serinem Sevilla 2006 SL<\/title>\n<meta name=\"robots\" content=\"index, follow, max-snippet:-1, max-image-preview:large, max-video-preview:-1\" \/>\n<link rel=\"canonical\" href=\"https:\/\/serinemsevilla.com\/en\/servicios\/\" \/>\n<meta property=\"og:locale\" content=\"en_GB\" \/>\n<meta property=\"og:type\" content=\"article\" \/>\n<meta property=\"og:title\" content=\"Servicios - Serinem Sevilla 2006 SL\" \/>\n<meta property=\"og:description\" content=\"SERVICIOS Nuestros Servicios Nos dedicamos a brindar un asesoramiento completo y exhaustivo a empresas, aut\u00f3nomos y particulares en las \u00e1reas Laboral, Fiscal y Contable, asegurando que cada uno de nuestros clientes reciba la atenci\u00f3n y el apoyo necesarios para enfrentar sus desaf\u00edos econ\u00f3micos y legales de la mejor manera posible. \u00a1Nos ocupamos de impuestos, n\u00f3minas [&hellip;]\" \/>\n<meta property=\"og:url\" content=\"https:\/\/serinemsevilla.com\/en\/servicios\/\" \/>\n<meta property=\"og:site_name\" content=\"Serinem Sevilla 2006 SL\" \/>\n<meta property=\"article:modified_time\" content=\"2026-01-13T12:18:16+00:00\" \/>\n<meta property=\"og:image\" content=\"https:\/\/serinemsevilla.com\/wp-content\/uploads\/2026\/01\/11183289-768x502.jpg\" \/>\n<meta name=\"twitter:card\" content=\"summary_large_image\" \/>\n<meta name=\"twitter:label1\" content=\"Estimated reading time\" \/>\n\t<meta name=\"twitter:data1\" content=\"1 minute\" \/>\n<script type=\"application\/ld+json\" class=\"yoast-schema-graph\">{\"@context\":\"https:\\\/\\\/schema.org\",\"@graph\":[{\"@type\":\"WebPage\",\"@id\":\"https:\\\/\\\/serinemsevilla.com\\\/servicios\\\/\",\"url\":\"https:\\\/\\\/serinemsevilla.com\\\/servicios\\\/\",\"name\":\"Servicios - Serinem Sevilla 2006 SL\",\"isPartOf\":{\"@id\":\"https:\\\/\\\/serinemsevilla.com\\\/#website\"},\"primaryImageOfPage\":{\"@id\":\"https:\\\/\\\/serinemsevilla.com\\\/servicios\\\/#primaryimage\"},\"image\":{\"@id\":\"https:\\\/\\\/serinemsevilla.com\\\/servicios\\\/#primaryimage\"},\"thumbnailUrl\":\"https:\\\/\\\/serinemsevilla.com\\\/wp-content\\\/uploads\\\/2026\\\/01\\\/11183289-768x502.jpg\",\"datePublished\":\"2026-01-13T09:21:53+00:00\",\"dateModified\":\"2026-01-13T12:18:16+00:00\",\"breadcrumb\":{\"@id\":\"https:\\\/\\\/serinemsevilla.com\\\/servicios\\\/#breadcrumb\"},\"inLanguage\":\"en-GB\",\"potentialAction\":[{\"@type\":\"ReadAction\",\"target\":[\"https:\\\/\\\/serinemsevilla.com\\\/servicios\\\/\"]}]},{\"@type\":\"ImageObject\",\"inLanguage\":\"en-GB\",\"@id\":\"https:\\\/\\\/serinemsevilla.com\\\/servicios\\\/#primaryimage\",\"url\":\"https:\\\/\\\/serinemsevilla.com\\\/wp-content\\\/uploads\\\/2026\\\/01\\\/11183289-768x502.jpg\",\"contentUrl\":\"https:\\\/\\\/serinemsevilla.com\\\/wp-content\\\/uploads\\\/2026\\\/01\\\/11183289-768x502.jpg\"},{\"@type\":\"BreadcrumbList\",\"@id\":\"https:\\\/\\\/serinemsevilla.com\\\/servicios\\\/#breadcrumb\",\"itemListElement\":[{\"@type\":\"ListItem\",\"position\":1,\"name\":\"Portada\",\"item\":\"https:\\\/\\\/serinemsevilla.com\\\/\"},{\"@type\":\"ListItem\",\"position\":2,\"name\":\"Servicios\"}]},{\"@type\":\"WebSite\",\"@id\":\"https:\\\/\\\/serinemsevilla.com\\\/#website\",\"url\":\"https:\\\/\\\/serinemsevilla.com\\\/\",\"name\":\"Serinem Sevilla 2006 SL\",\"description\":\"Serinem Sevilla 2006 SL\",\"publisher\":{\"@id\":\"https:\\\/\\\/serinemsevilla.com\\\/#organization\"},\"potentialAction\":[{\"@type\":\"SearchAction\",\"target\":{\"@type\":\"EntryPoint\",\"urlTemplate\":\"https:\\\/\\\/serinemsevilla.com\\\/?s={search_term_string}\"},\"query-input\":{\"@type\":\"PropertyValueSpecification\",\"valueRequired\":true,\"valueName\":\"search_term_string\"}}],\"inLanguage\":\"en-GB\"},{\"@type\":\"Organization\",\"@id\":\"https:\\\/\\\/serinemsevilla.com\\\/#organization\",\"name\":\"Serinem Sevilla 2006 SL\",\"url\":\"https:\\\/\\\/serinemsevilla.com\\\/\",\"logo\":{\"@type\":\"ImageObject\",\"inLanguage\":\"en-GB\",\"@id\":\"https:\\\/\\\/serinemsevilla.com\\\/#\\\/schema\\\/logo\\\/image\\\/\",\"url\":\"https:\\\/\\\/serinemsevilla.com\\\/wp-content\\\/uploads\\\/2026\\\/01\\\/logo_web.png\",\"contentUrl\":\"https:\\\/\\\/serinemsevilla.com\\\/wp-content\\\/uploads\\\/2026\\\/01\\\/logo_web.png\",\"width\":1080,\"height\":1080,\"caption\":\"Serinem Sevilla 2006 SL\"},\"image\":{\"@id\":\"https:\\\/\\\/serinemsevilla.com\\\/#\\\/schema\\\/logo\\\/image\\\/\"}}]}<\/script>\n<!-- \/ Yoast SEO plugin. -->","yoast_head_json":{"title":"Servicios - Serinem Sevilla 2006 SL","robots":{"index":"index","follow":"follow","max-snippet":"max-snippet:-1","max-image-preview":"max-image-preview:large","max-video-preview":"max-video-preview:-1"},"canonical":"https:\/\/serinemsevilla.com\/en\/servicios\/","og_locale":"en_GB","og_type":"article","og_title":"Servicios - Serinem Sevilla 2006 SL","og_description":"SERVICIOS Nuestros Servicios Nos dedicamos a brindar un asesoramiento completo y exhaustivo a empresas, aut\u00f3nomos y particulares en las \u00e1reas Laboral, Fiscal y Contable, asegurando que cada uno de nuestros clientes reciba la atenci\u00f3n y el apoyo necesarios para enfrentar sus desaf\u00edos econ\u00f3micos y legales de la mejor manera posible. \u00a1Nos ocupamos de impuestos, n\u00f3minas [&hellip;]","og_url":"https:\/\/serinemsevilla.com\/en\/servicios\/","og_site_name":"Serinem Sevilla 2006 SL","article_modified_time":"2026-01-13T12:18:16+00:00","og_image":[{"url":"https:\/\/serinemsevilla.com\/wp-content\/uploads\/2026\/01\/11183289-768x502.jpg","type":"","width":"","height":""}],"twitter_card":"summary_large_image","twitter_misc":{"Estimated reading time":"1 minute"},"schema":{"@context":"https:\/\/schema.org","@graph":[{"@type":"WebPage","@id":"https:\/\/serinemsevilla.com\/servicios\/","url":"https:\/\/serinemsevilla.com\/servicios\/","name":"Servicios - Serinem Sevilla 2006 SL","isPartOf":{"@id":"https:\/\/serinemsevilla.com\/#website"},"primaryImageOfPage":{"@id":"https:\/\/serinemsevilla.com\/servicios\/#primaryimage"},"image":{"@id":"https:\/\/serinemsevilla.com\/servicios\/#primaryimage"},"thumbnailUrl":"https:\/\/serinemsevilla.com\/wp-content\/uploads\/2026\/01\/11183289-768x502.jpg","datePublished":"2026-01-13T09:21:53+00:00","dateModified":"2026-01-13T12:18:16+00:00","breadcrumb":{"@id":"https:\/\/serinemsevilla.com\/servicios\/#breadcrumb"},"inLanguage":"en-GB","potentialAction":[{"@type":"ReadAction","target":["https:\/\/serinemsevilla.com\/servicios\/"]}]},{"@type":"ImageObject","inLanguage":"en-GB","@id":"https:\/\/serinemsevilla.com\/servicios\/#primaryimage","url":"https:\/\/serinemsevilla.com\/wp-content\/uploads\/2026\/01\/11183289-768x502.jpg","contentUrl":"https:\/\/serinemsevilla.com\/wp-content\/uploads\/2026\/01\/11183289-768x502.jpg"},{"@type":"BreadcrumbList","@id":"https:\/\/serinemsevilla.com\/servicios\/#breadcrumb","itemListElement":[{"@type":"ListItem","position":1,"name":"Portada","item":"https:\/\/serinemsevilla.com\/"},{"@type":"ListItem","position":2,"name":"Servicios"}]},{"@type":"WebSite","@id":"https:\/\/serinemsevilla.com\/#website","url":"https:\/\/serinemsevilla.com\/","name":"Serinem Sevilla 2006 SL","description":"Serinem Sevilla 2006 SL","publisher":{"@id":"https:\/\/serinemsevilla.com\/#organization"},"potentialAction":[{"@type":"SearchAction","target":{"@type":"EntryPoint","urlTemplate":"https:\/\/serinemsevilla.com\/?s={search_term_string}"},"query-input":{"@type":"PropertyValueSpecification","valueRequired":true,"valueName":"search_term_string"}}],"inLanguage":"en-GB"},{"@type":"Organization","@id":"https:\/\/serinemsevilla.com\/#organization","name":"Serinem Sevilla 2006 SL","url":"https:\/\/serinemsevilla.com\/","logo":{"@type":"ImageObject","inLanguage":"en-GB","@id":"https:\/\/serinemsevilla.com\/#\/schema\/logo\/image\/","url":"https:\/\/serinemsevilla.com\/wp-content\/uploads\/2026\/01\/logo_web.png","contentUrl":"https:\/\/serinemsevilla.com\/wp-content\/uploads\/2026\/01\/logo_web.png","width":1080,"height":1080,"caption":"Serinem Sevilla 2006 SL"},"image":{"@id":"https:\/\/serinemsevilla.com\/#\/schema\/logo\/image\/"}}]}},"_links":{"self":[{"href":"https:\/\/serinemsevilla.com\/en\/wp-json\/wp\/v2\/pages\/6","targetHints":{"allow":["GET"]}}],"collection":[{"href":"https:\/\/serinemsevilla.com\/en\/wp-json\/wp\/v2\/pages"}],"about":[{"href":"https:\/\/serinemsevilla.com\/en\/wp-json\/wp\/v2\/types\/page"}],"author":[{"embeddable":true,"href":"https:\/\/serinemsevilla.com\/en\/wp-json\/wp\/v2\/users\/1"}],"replies":[{"embeddable":true,"href":"https:\/\/serinemsevilla.com\/en\/wp-json\/wp\/v2\/comments?post=6"}],"version-history":[{"count":112,"href":"https:\/\/serinemsevilla.com\/en\/wp-json\/wp\/v2\/pages\/6\/revisions"}],"predecessor-version":[{"id":363,"href":"https:\/\/serinemsevilla.com\/en\/wp-json\/wp\/v2\/pages\/6\/revisions\/363"}],"wp:attachment":[{"href":"https:\/\/serinemsevilla.com\/en\/wp-json\/wp\/v2\/media?parent=6"}],"curies":[{"name":"wp","href":"https:\/\/api.w.org\/{rel}","templated":true}]}}