{"id":2,"date":"2026-01-13T09:04:04","date_gmt":"2026-01-13T09:04:04","guid":{"rendered":"https:\/\/serinemsevilla.rkinformatika.online\/?page_id=2"},"modified":"2026-01-13T12:02:52","modified_gmt":"2026-01-13T12:02:52","slug":"inicio","status":"publish","type":"page","link":"https:\/\/serinemsevilla.com\/en\/","title":{"rendered":"Home"},"content":{"rendered":"<div data-elementor-type=\"wp-page\" data-elementor-id=\"2\" class=\"elementor elementor-2\" data-elementor-post-type=\"page\">\n\t\t\t\t<div class=\"elementor-element elementor-element-511c478 e-flex e-con-boxed e-con e-parent\" data-id=\"511c478\" data-element_type=\"container\" data-e-type=\"container\" data-settings=\"{&quot;background_background&quot;:&quot;classic&quot;}\">\n\t\t\t\t\t<div class=\"e-con-inner\">\n\t\t<div class=\"elementor-element elementor-element-6ee6c95 e-con-full e-flex e-con e-child\" data-id=\"6ee6c95\" data-element_type=\"container\" data-e-type=\"container\">\n\t\t\t\t<div class=\"elementor-element elementor-element-8dfef16 elementor-widget elementor-widget-heading\" data-id=\"8dfef16\" data-element_type=\"widget\" data-e-type=\"widget\" data-widget_type=\"heading.default\">\n\t\t\t\t\t<h2 class=\"elementor-heading-title elementor-size-default\">Labor, Tax and Accounting Consulting<\/h2>\t\t\t\t<\/div>\n\t\t\t\t<\/div>\n\t\t\t\t\t<\/div>\n\t\t\t\t<\/div>\n\t\t<div class=\"elementor-element elementor-element-eb7a565 e-flex e-con-boxed elementor-invisible e-con e-parent\" data-id=\"eb7a565\" data-element_type=\"container\" data-e-type=\"container\" data-settings=\"{&quot;animation&quot;:&quot;fadeInUp&quot;,&quot;background_background&quot;:&quot;classic&quot;,&quot;shape_divider_top&quot;:&quot;tilt&quot;,&quot;shape_divider_bottom&quot;:&quot;tilt&quot;}\">\n\t\t\t\t\t<div class=\"e-con-inner\">\n\t\t\t\t<div class=\"elementor-shape elementor-shape-top\" aria-hidden=\"true\" data-negative=\"false\">\n\t\t\t<svg xmlns=\"http:\/\/www.w3.org\/2000\/svg\" viewbox=\"0 0 1000 100\" preserveaspectratio=\"none\">\n\t<path class=\"elementor-shape-fill\" d=\"M0,6V0h1000v100L0,6z\"\/>\n<\/svg>\t\t<\/div>\n\t\t\t\t<div class=\"elementor-shape elementor-shape-bottom\" aria-hidden=\"true\" data-negative=\"false\">\n\t\t\t<svg xmlns=\"http:\/\/www.w3.org\/2000\/svg\" viewbox=\"0 0 1000 100\" preserveaspectratio=\"none\">\n\t<path class=\"elementor-shape-fill\" d=\"M0,6V0h1000v100L0,6z\"\/>\n<\/svg>\t\t<\/div>\n\t\t<div class=\"elementor-element elementor-element-1ac06be e-con-full e-flex e-con e-child\" data-id=\"1ac06be\" data-element_type=\"container\" data-e-type=\"container\">\n\t\t\t\t<div class=\"elementor-element elementor-element-8dff04f elementor-invisible elementor-widget elementor-widget-heading\" data-id=\"8dff04f\" data-element_type=\"widget\" data-e-type=\"widget\" data-settings=\"{&quot;_animation&quot;:&quot;fadeIn&quot;,&quot;_animation_delay&quot;:50}\" data-widget_type=\"heading.default\">\n\t\t\t\t\t<h2 class=\"elementor-heading-title elementor-size-default\">Home<\/h2>\t\t\t\t<\/div>\n\t\t\t\t<div class=\"elementor-element elementor-element-d0f05e8 elementor-invisible elementor-widget elementor-widget-heading\" data-id=\"d0f05e8\" data-element_type=\"widget\" data-e-type=\"widget\" data-settings=\"{&quot;_animation&quot;:&quot;fadeIn&quot;,&quot;_animation_delay&quot;:100}\" data-widget_type=\"heading.default\">\n\t\t\t\t\t<h2 class=\"elementor-heading-title elementor-size-default\">About Us <\/h2>\t\t\t\t<\/div>\n\t\t\t\t<div class=\"elementor-element elementor-element-9bbcb58 elementor-widget elementor-widget-text-editor\" data-id=\"9bbcb58\" data-element_type=\"widget\" data-e-type=\"widget\" data-widget_type=\"text-editor.default\">\n\t\t\t\t\t\t\t\t\t<p>Company created in 2006, which comes from a previous company founded in 1991, and dedicated to tax, accounting and labor management.<\/p><p>It is made up of a team of highly trained professionals with extensive experience in different fields, thus offering a comprehensive service adapted to the needs of each client.<\/p>\t\t\t\t\t\t\t\t<\/div>\n\t\t\t\t<\/div>\n\t\t<div class=\"elementor-element elementor-element-aa55c3c e-con-full e-flex e-con e-child\" data-id=\"aa55c3c\" data-element_type=\"container\" data-e-type=\"container\">\n\t\t\t\t<div class=\"elementor-element elementor-element-6f5efeb elementor-widget elementor-widget-image\" data-id=\"6f5efeb\" data-element_type=\"widget\" data-e-type=\"widget\" data-widget_type=\"image.default\">\n\t\t\t\t\t\t\t\t\t\t\t\t\t\t\t<img decoding=\"async\" src=\"https:\/\/serinemsevilla.com\/wp-content\/uploads\/elementor\/thumbs\/DESPACHO10-rhleb3fd90elo0ra7qa1fj502ka3m0y15rusc4wb6o.jpg\" title=\"DESPACHO10\" alt=\"DESPACHO10\" loading=\"lazy\" \/>\t\t\t\t\t\t\t\t\t\t\t\t\t\t\t<\/div>\n\t\t\t\t<\/div>\n\t\t\t\t\t<\/div>\n\t\t\t\t<\/div>\n\t\t<div class=\"elementor-element elementor-element-c6ef6d0 e-flex e-con-boxed elementor-invisible e-con e-parent\" data-id=\"c6ef6d0\" data-element_type=\"container\" data-e-type=\"container\" data-settings=\"{&quot;animation&quot;:&quot;fadeInUp&quot;}\">\n\t\t\t\t\t<div class=\"e-con-inner\">\n\t\t<div class=\"elementor-element elementor-element-1b51e84 e-con-full e-flex e-con e-child\" data-id=\"1b51e84\" data-element_type=\"container\" data-e-type=\"container\">\n\t\t\t\t<div class=\"elementor-element elementor-element-a97e640 elementor-widget elementor-widget-image\" data-id=\"a97e640\" data-element_type=\"widget\" data-e-type=\"widget\" data-widget_type=\"image.default\">\n\t\t\t\t\t\t\t\t\t\t\t\t\t\t\t<img decoding=\"async\" src=\"https:\/\/serinemsevilla.com\/wp-content\/uploads\/elementor\/thumbs\/2023-07-20-rhleb5b1moh6b8ojwr3akinx9c0u1f5hu15raotiu8.jpg\" title=\"2023-07-20\" alt=\"2023-07-20\" loading=\"lazy\" \/>\t\t\t\t\t\t\t\t\t\t\t\t\t\t\t<\/div>\n\t\t\t\t<\/div>\n\t\t<div class=\"elementor-element elementor-element-2a97083 e-con-full e-flex e-con e-child\" data-id=\"2a97083\" data-element_type=\"container\" data-e-type=\"container\">\n\t\t\t\t<div class=\"elementor-element elementor-element-c6a45e5 elementor-invisible elementor-widget elementor-widget-heading\" data-id=\"c6a45e5\" data-element_type=\"widget\" data-e-type=\"widget\" data-settings=\"{&quot;_animation&quot;:&quot;fadeIn&quot;,&quot;_animation_delay&quot;:50}\" data-widget_type=\"heading.default\">\n\t\t\t\t\t<h2 class=\"elementor-heading-title elementor-size-default\">commitment<\/h2>\t\t\t\t<\/div>\n\t\t\t\t<div class=\"elementor-element elementor-element-8d9dbac elementor-invisible elementor-widget elementor-widget-heading\" data-id=\"8d9dbac\" data-element_type=\"widget\" data-e-type=\"widget\" data-settings=\"{&quot;_animation&quot;:&quot;fadeIn&quot;,&quot;_animation_delay&quot;:100}\" data-widget_type=\"heading.default\">\n\t\t\t\t\t<h2 class=\"elementor-heading-title elementor-size-default\">Clear management, calm results!<\/h2>\t\t\t\t<\/div>\n\t\t\t\t<div class=\"elementor-element elementor-element-b6392bf elementor-widget elementor-widget-text-editor\" data-id=\"b6392bf\" data-element_type=\"widget\" data-e-type=\"widget\" data-widget_type=\"text-editor.default\">\n\t\t\t\t\t\t\t\t\t<p>Our commitment is to provide effective, high-quality solutions that help our clients optimize their financial and employment situation.<\/p>\t\t\t\t\t\t\t\t<\/div>\n\t\t\t\t<\/div>\n\t\t\t\t\t<\/div>\n\t\t\t\t<\/div>\n\t\t<div class=\"elementor-element elementor-element-45e006e e-flex e-con-boxed e-con e-parent\" data-id=\"45e006e\" data-element_type=\"container\" data-e-type=\"container\" data-settings=\"{&quot;background_background&quot;:&quot;classic&quot;}\">\n\t\t\t\t\t<div class=\"e-con-inner\">\n\t\t\t\t<div class=\"elementor-element elementor-element-25b8a8f elementor-invisible elementor-widget elementor-widget-heading\" data-id=\"25b8a8f\" data-element_type=\"widget\" data-e-type=\"widget\" data-settings=\"{&quot;_animation&quot;:&quot;fadeInRight&quot;,&quot;_animation_delay&quot;:100}\" data-widget_type=\"heading.default\">\n\t\t\t\t\t<h2 class=\"elementor-heading-title elementor-size-default\">We help you comply with, optimize, and organize your labor, tax, and accounting matters with transparent management!<\/h2>\t\t\t\t<\/div>\n\t\t\t\t<div class=\"elementor-element elementor-element-adc90f9 elementor-invisible elementor-widget elementor-widget-button\" data-id=\"adc90f9\" data-element_type=\"widget\" data-e-type=\"widget\" data-settings=\"{&quot;_animation&quot;:&quot;fadeInLeft&quot;}\" data-widget_type=\"button.default\">\n\t\t\t\t\t\t\t\t\t\t<a class=\"elementor-button elementor-button-link elementor-size-sm\" href=\"\/en\/servicios\/\">\n\t\t\t\t\t\t<span class=\"elementor-button-content-wrapper\">\n\t\t\t\t\t\t\t\t\t<span class=\"elementor-button-text\">Services<\/span>\n\t\t\t\t\t<\/span>\n\t\t\t\t\t<\/a>\n\t\t\t\t\t\t\t\t<\/div>\n\t\t\t\t\t<\/div>\n\t\t\t\t<\/div>\n\t\t<div class=\"elementor-element elementor-element-4ccc651 e-flex e-con-boxed elementor-invisible e-con e-parent\" data-id=\"4ccc651\" data-element_type=\"container\" data-e-type=\"container\" data-settings=\"{&quot;background_background&quot;:&quot;classic&quot;,&quot;shape_divider_top&quot;:&quot;tilt&quot;,&quot;shape_divider_bottom&quot;:&quot;tilt&quot;,&quot;animation&quot;:&quot;fadeInUp&quot;}\">\n\t\t\t\t\t<div class=\"e-con-inner\">\n\t\t\t\t<div class=\"elementor-shape elementor-shape-top\" aria-hidden=\"true\" data-negative=\"false\">\n\t\t\t<svg xmlns=\"http:\/\/www.w3.org\/2000\/svg\" viewbox=\"0 0 1000 100\" preserveaspectratio=\"none\">\n\t<path class=\"elementor-shape-fill\" d=\"M0,6V0h1000v100L0,6z\"\/>\n<\/svg>\t\t<\/div>\n\t\t\t\t<div class=\"elementor-shape elementor-shape-bottom\" aria-hidden=\"true\" data-negative=\"false\">\n\t\t\t<svg xmlns=\"http:\/\/www.w3.org\/2000\/svg\" viewbox=\"0 0 1000 100\" preserveaspectratio=\"none\">\n\t<path class=\"elementor-shape-fill\" d=\"M0,6V0h1000v100L0,6z\"\/>\n<\/svg>\t\t<\/div>\n\t\t<div class=\"elementor-element elementor-element-b556f12 e-con-full e-flex e-con e-child\" data-id=\"b556f12\" data-element_type=\"container\" data-e-type=\"container\">\n\t\t\t\t<div class=\"elementor-element elementor-element-956180d elementor-widget elementor-widget-image\" data-id=\"956180d\" data-element_type=\"widget\" data-e-type=\"widget\" data-widget_type=\"image.default\">\n\t\t\t\t\t\t\t\t\t\t\t\t\t\t\t<img fetchpriority=\"high\" decoding=\"async\" width=\"768\" height=\"512\" src=\"https:\/\/serinemsevilla.com\/wp-content\/uploads\/2026\/01\/913-768x512.jpg\" class=\"attachment-medium_large size-medium_large wp-image-341\" alt=\"\" srcset=\"https:\/\/serinemsevilla.com\/wp-content\/uploads\/2026\/01\/913-768x512.jpg 768w, https:\/\/serinemsevilla.com\/wp-content\/uploads\/2026\/01\/913-300x200.jpg 300w, https:\/\/serinemsevilla.com\/wp-content\/uploads\/2026\/01\/913-18x12.jpg 18w, https:\/\/serinemsevilla.com\/wp-content\/uploads\/2026\/01\/913.jpg 1000w\" sizes=\"(max-width: 768px) 100vw, 768px\" \/>\t\t\t\t\t\t\t\t\t\t\t\t\t\t\t<\/div>\n\t\t\t\t<\/div>\n\t\t<div class=\"elementor-element elementor-element-3550302 e-con-full e-flex e-con e-child\" data-id=\"3550302\" data-element_type=\"container\" data-e-type=\"container\">\n\t\t\t\t<div class=\"elementor-element elementor-element-f19666a elementor-invisible elementor-widget elementor-widget-heading\" data-id=\"f19666a\" data-element_type=\"widget\" data-e-type=\"widget\" data-settings=\"{&quot;_animation&quot;:&quot;fadeIn&quot;,&quot;_animation_delay&quot;:50}\" data-widget_type=\"heading.default\">\n\t\t\t\t\t<h2 class=\"elementor-heading-title elementor-size-default\">Home<\/h2>\t\t\t\t<\/div>\n\t\t\t\t<div class=\"elementor-element elementor-element-c883da1 elementor-invisible elementor-widget elementor-widget-heading\" data-id=\"c883da1\" data-element_type=\"widget\" data-e-type=\"widget\" data-settings=\"{&quot;_animation&quot;:&quot;fadeIn&quot;,&quot;_animation_delay&quot;:100}\" data-widget_type=\"heading.default\">\n\t\t\t\t\t<h2 class=\"elementor-heading-title elementor-size-default\">Why us?<\/h2>\t\t\t\t<\/div>\n\t\t\t\t<div class=\"elementor-element elementor-element-ba50b30 elementor-align-start elementor-icon-list--layout-traditional elementor-list-item-link-full_width elementor-widget elementor-widget-icon-list\" data-id=\"ba50b30\" data-element_type=\"widget\" data-e-type=\"widget\" data-widget_type=\"icon-list.default\">\n\t\t\t\t\t\t\t<ul class=\"elementor-icon-list-items\">\n\t\t\t\t\t\t\t<li class=\"elementor-icon-list-item\">\n\t\t\t\t\t\t\t\t\t\t\t<span class=\"elementor-icon-list-icon\">\n\t\t\t\t\t\t\t<svg aria-hidden=\"true\" class=\"e-font-icon-svg e-fas-lock\" viewbox=\"0 0 448 512\" xmlns=\"http:\/\/www.w3.org\/2000\/svg\"><path d=\"M400 224h-24v-72C376 68.2 307.8 0 224 0S72 68.2 72 152v72H48c-26.5 0-48 21.5-48 48v192c0 26.5 21.5 48 48 48h352c26.5 0 48-21.5 48-48V272c0-26.5-21.5-48-48-48zm-104 0H152v-72c0-39.7 32.3-72 72-72s72 32.3 72 72v72z\"><\/path><\/svg>\t\t\t\t\t\t<\/span>\n\t\t\t\t\t\t\t\t\t\t<span class=\"elementor-icon-list-text\">Compliance and security<\/span>\n\t\t\t\t\t\t\t\t\t<\/li>\n\t\t\t\t\t\t\t\t<li class=\"elementor-icon-list-item\">\n\t\t\t\t\t\t\t\t\t\t\t<span class=\"elementor-icon-list-icon\">\n\t\t\t\t\t\t\t<svg aria-hidden=\"true\" class=\"e-font-icon-svg e-fas-dna\" viewbox=\"0 0 448 512\" xmlns=\"http:\/\/www.w3.org\/2000\/svg\"><path d=\"M.1 494.1c-1.1 9.5 6.3 17.8 15.9 17.8l32.3.1c8.1 0 14.9-5.9 16-13.9.7-4.9 1.8-11.1 3.4-18.1H380c1.6 6.9 2.9 13.2 3.5 18.1 1.1 8 7.9 14 16 13.9l32.3-.1c9.6 0 17.1-8.3 15.9-17.8-4.6-37.9-25.6-129-118.9-207.7-17.6 12.4-37.1 24.2-58.5 35.4 6.2 4.6 11.4 9.4 17 14.2H159.7c21.3-18.1 47-35.6 78.7-51.4C410.5 199.1 442.1 65.8 447.9 17.9 449 8.4 441.6.1 432 .1L399.6 0c-8.1 0-14.9 5.9-16 13.9-.7 4.9-1.8 11.1-3.4 18.1H67.8c-1.6-7-2.7-13.1-3.4-18.1-1.1-8-7.9-14-16-13.9L16.1.1C6.5.1-1 8.4.1 17.9 5.3 60.8 31.4 171.8 160 256 31.5 340.2 5.3 451.2.1 494.1zM224 219.6c-25.1-13.7-46.4-28.4-64.3-43.6h128.5c-17.8 15.2-39.1 30-64.2 43.6zM355.1 96c-5.8 10.4-12.8 21.1-21 32H114c-8.3-10.9-15.3-21.6-21-32h262.1zM92.9 416c5.8-10.4 12.8-21.1 21-32h219.4c8.3 10.9 15.4 21.6 21.2 32H92.9z\"><\/path><\/svg>\t\t\t\t\t\t<\/span>\n\t\t\t\t\t\t\t\t\t\t<span class=\"elementor-icon-list-text\">Time saving<\/span>\n\t\t\t\t\t\t\t\t\t<\/li>\n\t\t\t\t\t\t\t\t<li class=\"elementor-icon-list-item\">\n\t\t\t\t\t\t\t\t\t\t\t<span class=\"elementor-icon-list-icon\">\n\t\t\t\t\t\t\t<svg aria-hidden=\"true\" class=\"e-font-icon-svg e-fas-euro-sign\" viewbox=\"0 0 320 512\" xmlns=\"http:\/\/www.w3.org\/2000\/svg\"><path d=\"M310.706 413.765c-1.314-6.63-7.835-10.872-14.424-9.369-10.692 2.439-27.422 5.413-45.426 5.413-56.763 0-101.929-34.79-121.461-85.449h113.689a12 12 0 0 0 11.708-9.369l6.373-28.36c1.686-7.502-4.019-14.631-11.708-14.631H115.22c-1.21-14.328-1.414-28.287.137-42.245H261.95a12 12 0 0 0 11.723-9.434l6.512-29.755c1.638-7.484-4.061-14.566-11.723-14.566H130.184c20.633-44.991 62.69-75.03 117.619-75.03 14.486 0 28.564 2.25 37.851 4.145 6.216 1.268 12.347-2.498 14.002-8.623l11.991-44.368c1.822-6.741-2.465-13.616-9.326-14.917C290.217 34.912 270.71 32 249.635 32 152.451 32 74.03 92.252 45.075 176H12c-6.627 0-12 5.373-12 12v29.755c0 6.627 5.373 12 12 12h21.569c-1.009 13.607-1.181 29.287-.181 42.245H12c-6.627 0-12 5.373-12 12v28.36c0 6.627 5.373 12 12 12h30.114C67.139 414.692 145.264 480 249.635 480c26.301 0 48.562-4.544 61.101-7.788 6.167-1.595 10.027-7.708 8.788-13.957l-8.818-44.49z\"><\/path><\/svg>\t\t\t\t\t\t<\/span>\n\t\t\t\t\t\t\t\t\t\t<span class=\"elementor-icon-list-text\">Lower error costs<\/span>\n\t\t\t\t\t\t\t\t\t<\/li>\n\t\t\t\t\t\t\t\t<li class=\"elementor-icon-list-item\">\n\t\t\t\t\t\t\t\t\t\t\t<span class=\"elementor-icon-list-icon\">\n\t\t\t\t\t\t\t<svg aria-hidden=\"true\" class=\"e-font-icon-svg e-fas-download\" viewbox=\"0 0 512 512\" xmlns=\"http:\/\/www.w3.org\/2000\/svg\"><path d=\"M216 0h80c13.3 0 24 10.7 24 24v168h87.7c17.8 0 26.7 21.5 14.1 34.1L269.7 378.3c-7.5 7.5-19.8 7.5-27.3 0L90.1 226.1c-12.6-12.6-3.7-34.1 14.1-34.1H192V24c0-13.3 10.7-24 24-24zm296 376v112c0 13.3-10.7 24-24 24H24c-13.3 0-24-10.7-24-24V376c0-13.3 10.7-24 24-24h146.7l49 49c20.1 20.1 52.5 20.1 72.6 0l49-49H488c13.3 0 24 10.7 24 24zm-124 88c0-11-9-20-20-20s-20 9-20 20 9 20 20 20 20-9 20-20zm64 0c0-11-9-20-20-20s-20 9-20 20 9 20 20 20 20-9 20-20z\"><\/path><\/svg>\t\t\t\t\t\t<\/span>\n\t\t\t\t\t\t\t\t\t\t<span class=\"elementor-icon-list-text\">Regulatory update<\/span>\n\t\t\t\t\t\t\t\t\t<\/li>\n\t\t\t\t\t\t<\/ul>\n\t\t\t\t\t\t<\/div>\n\t\t\t\t<\/div>\n\t\t\t\t\t<\/div>\n\t\t\t\t<\/div>\n\t\t\t\t<\/div>","protected":false},"excerpt":{"rendered":"<p>Asesor\u00eda Laboral, Fiscal y Contable inicio Sobre nosotros Empresa creada en el a\u00f1o 2006, que proviene de una empresa anterior fundada en 1991, y dedicada a la gesti\u00f3n fiscal, contable y laboral. Est\u00e1 formada por un equipo de profesionales altamente capacitados y con amplia experiencia en distintas ramas, ofreciendo as\u00ed un servicio integral y adaptado [&hellip;]<\/p>\n","protected":false},"author":1,"featured_media":0,"parent":0,"menu_order":0,"comment_status":"closed","ping_status":"closed","template":"elementor_canvas","meta":{"footnotes":""},"class_list":["post-2","page","type-page","status-publish","hentry"],"yoast_head":"<!-- This site is optimized with the Yoast SEO plugin v27.4 - https:\/\/yoast.com\/product\/yoast-seo-wordpress\/ -->\n<title>Inicio - Serinem Sevilla 2006 SL<\/title>\n<meta name=\"robots\" content=\"index, follow, max-snippet:-1, max-image-preview:large, max-video-preview:-1\" \/>\n<link rel=\"canonical\" href=\"https:\/\/serinemsevilla.com\/en\/\" \/>\n<meta property=\"og:locale\" content=\"en_GB\" \/>\n<meta property=\"og:type\" content=\"article\" \/>\n<meta property=\"og:title\" content=\"Inicio - Serinem Sevilla 2006 SL\" \/>\n<meta property=\"og:description\" content=\"Asesor\u00eda Laboral, Fiscal y Contable inicio Sobre nosotros Empresa creada en el a\u00f1o 2006, que proviene de una empresa anterior fundada en 1991, y dedicada a la gesti\u00f3n fiscal, contable y laboral. Est\u00e1 formada por un equipo de profesionales altamente capacitados y con amplia experiencia en distintas ramas, ofreciendo as\u00ed un servicio integral y adaptado [&hellip;]\" \/>\n<meta property=\"og:url\" content=\"https:\/\/serinemsevilla.com\/en\/\" \/>\n<meta property=\"og:site_name\" content=\"Serinem Sevilla 2006 SL\" \/>\n<meta property=\"article:modified_time\" content=\"2026-01-13T12:02:52+00:00\" \/>\n<meta property=\"og:image\" content=\"https:\/\/serinemsevilla.com\/wp-content\/uploads\/elementor\/thumbs\/DESPACHO10-rhleb3fd90elo0ra7qa1fj502ka3m0y15rusc4wb6o.jpg\" \/>\n<meta name=\"twitter:card\" content=\"summary_large_image\" \/>\n<meta name=\"twitter:label1\" content=\"Estimated reading time\" \/>\n\t<meta name=\"twitter:data1\" content=\"1 minute\" \/>\n<script type=\"application\/ld+json\" class=\"yoast-schema-graph\">{\"@context\":\"https:\\\/\\\/schema.org\",\"@graph\":[{\"@type\":\"WebPage\",\"@id\":\"https:\\\/\\\/serinemsevilla.com\\\/\",\"url\":\"https:\\\/\\\/serinemsevilla.com\\\/\",\"name\":\"Inicio - Serinem Sevilla 2006 SL\",\"isPartOf\":{\"@id\":\"https:\\\/\\\/serinemsevilla.com\\\/#website\"},\"primaryImageOfPage\":{\"@id\":\"https:\\\/\\\/serinemsevilla.com\\\/#primaryimage\"},\"image\":{\"@id\":\"https:\\\/\\\/serinemsevilla.com\\\/#primaryimage\"},\"thumbnailUrl\":\"https:\\\/\\\/serinemsevilla.com\\\/wp-content\\\/uploads\\\/elementor\\\/thumbs\\\/DESPACHO10-rhleb3fd90elo0ra7qa1fj502ka3m0y15rusc4wb6o.jpg\",\"datePublished\":\"2026-01-13T09:04:04+00:00\",\"dateModified\":\"2026-01-13T12:02:52+00:00\",\"breadcrumb\":{\"@id\":\"https:\\\/\\\/serinemsevilla.com\\\/#breadcrumb\"},\"inLanguage\":\"en-GB\",\"potentialAction\":[{\"@type\":\"ReadAction\",\"target\":[\"https:\\\/\\\/serinemsevilla.com\\\/\"]}]},{\"@type\":\"ImageObject\",\"inLanguage\":\"en-GB\",\"@id\":\"https:\\\/\\\/serinemsevilla.com\\\/#primaryimage\",\"url\":\"https:\\\/\\\/serinemsevilla.com\\\/wp-content\\\/uploads\\\/elementor\\\/thumbs\\\/DESPACHO10-rhleb3fd90elo0ra7qa1fj502ka3m0y15rusc4wb6o.jpg\",\"contentUrl\":\"https:\\\/\\\/serinemsevilla.com\\\/wp-content\\\/uploads\\\/elementor\\\/thumbs\\\/DESPACHO10-rhleb3fd90elo0ra7qa1fj502ka3m0y15rusc4wb6o.jpg\"},{\"@type\":\"BreadcrumbList\",\"@id\":\"https:\\\/\\\/serinemsevilla.com\\\/#breadcrumb\",\"itemListElement\":[{\"@type\":\"ListItem\",\"position\":1,\"name\":\"Portada\",\"item\":\"https:\\\/\\\/serinemsevilla.com\\\/\"},{\"@type\":\"ListItem\",\"position\":2,\"name\":\"Inicio\"}]},{\"@type\":\"WebSite\",\"@id\":\"https:\\\/\\\/serinemsevilla.com\\\/#website\",\"url\":\"https:\\\/\\\/serinemsevilla.com\\\/\",\"name\":\"Serinem Sevilla 2006 SL\",\"description\":\"Serinem Sevilla 2006 SL\",\"publisher\":{\"@id\":\"https:\\\/\\\/serinemsevilla.com\\\/#organization\"},\"potentialAction\":[{\"@type\":\"SearchAction\",\"target\":{\"@type\":\"EntryPoint\",\"urlTemplate\":\"https:\\\/\\\/serinemsevilla.com\\\/?s={search_term_string}\"},\"query-input\":{\"@type\":\"PropertyValueSpecification\",\"valueRequired\":true,\"valueName\":\"search_term_string\"}}],\"inLanguage\":\"en-GB\"},{\"@type\":\"Organization\",\"@id\":\"https:\\\/\\\/serinemsevilla.com\\\/#organization\",\"name\":\"Serinem Sevilla 2006 SL\",\"url\":\"https:\\\/\\\/serinemsevilla.com\\\/\",\"logo\":{\"@type\":\"ImageObject\",\"inLanguage\":\"en-GB\",\"@id\":\"https:\\\/\\\/serinemsevilla.com\\\/#\\\/schema\\\/logo\\\/image\\\/\",\"url\":\"https:\\\/\\\/serinemsevilla.com\\\/wp-content\\\/uploads\\\/2026\\\/01\\\/logo_web.png\",\"contentUrl\":\"https:\\\/\\\/serinemsevilla.com\\\/wp-content\\\/uploads\\\/2026\\\/01\\\/logo_web.png\",\"width\":1080,\"height\":1080,\"caption\":\"Serinem Sevilla 2006 SL\"},\"image\":{\"@id\":\"https:\\\/\\\/serinemsevilla.com\\\/#\\\/schema\\\/logo\\\/image\\\/\"}}]}<\/script>\n<!-- \/ Yoast SEO plugin. -->","yoast_head_json":{"title":"Inicio - Serinem Sevilla 2006 SL","robots":{"index":"index","follow":"follow","max-snippet":"max-snippet:-1","max-image-preview":"max-image-preview:large","max-video-preview":"max-video-preview:-1"},"canonical":"https:\/\/serinemsevilla.com\/en\/","og_locale":"en_GB","og_type":"article","og_title":"Inicio - Serinem Sevilla 2006 SL","og_description":"Asesor\u00eda Laboral, Fiscal y Contable inicio Sobre nosotros Empresa creada en el a\u00f1o 2006, que proviene de una empresa anterior fundada en 1991, y dedicada a la gesti\u00f3n fiscal, contable y laboral. Est\u00e1 formada por un equipo de profesionales altamente capacitados y con amplia experiencia en distintas ramas, ofreciendo as\u00ed un servicio integral y adaptado [&hellip;]","og_url":"https:\/\/serinemsevilla.com\/en\/","og_site_name":"Serinem Sevilla 2006 SL","article_modified_time":"2026-01-13T12:02:52+00:00","og_image":[{"url":"https:\/\/serinemsevilla.com\/wp-content\/uploads\/elementor\/thumbs\/DESPACHO10-rhleb3fd90elo0ra7qa1fj502ka3m0y15rusc4wb6o.jpg","type":"","width":"","height":""}],"twitter_card":"summary_large_image","twitter_misc":{"Estimated reading time":"1 minute"},"schema":{"@context":"https:\/\/schema.org","@graph":[{"@type":"WebPage","@id":"https:\/\/serinemsevilla.com\/","url":"https:\/\/serinemsevilla.com\/","name":"Inicio - Serinem Sevilla 2006 SL","isPartOf":{"@id":"https:\/\/serinemsevilla.com\/#website"},"primaryImageOfPage":{"@id":"https:\/\/serinemsevilla.com\/#primaryimage"},"image":{"@id":"https:\/\/serinemsevilla.com\/#primaryimage"},"thumbnailUrl":"https:\/\/serinemsevilla.com\/wp-content\/uploads\/elementor\/thumbs\/DESPACHO10-rhleb3fd90elo0ra7qa1fj502ka3m0y15rusc4wb6o.jpg","datePublished":"2026-01-13T09:04:04+00:00","dateModified":"2026-01-13T12:02:52+00:00","breadcrumb":{"@id":"https:\/\/serinemsevilla.com\/#breadcrumb"},"inLanguage":"en-GB","potentialAction":[{"@type":"ReadAction","target":["https:\/\/serinemsevilla.com\/"]}]},{"@type":"ImageObject","inLanguage":"en-GB","@id":"https:\/\/serinemsevilla.com\/#primaryimage","url":"https:\/\/serinemsevilla.com\/wp-content\/uploads\/elementor\/thumbs\/DESPACHO10-rhleb3fd90elo0ra7qa1fj502ka3m0y15rusc4wb6o.jpg","contentUrl":"https:\/\/serinemsevilla.com\/wp-content\/uploads\/elementor\/thumbs\/DESPACHO10-rhleb3fd90elo0ra7qa1fj502ka3m0y15rusc4wb6o.jpg"},{"@type":"BreadcrumbList","@id":"https:\/\/serinemsevilla.com\/#breadcrumb","itemListElement":[{"@type":"ListItem","position":1,"name":"Portada","item":"https:\/\/serinemsevilla.com\/"},{"@type":"ListItem","position":2,"name":"Inicio"}]},{"@type":"WebSite","@id":"https:\/\/serinemsevilla.com\/#website","url":"https:\/\/serinemsevilla.com\/","name":"Serinem Sevilla 2006 SL","description":"Serinem Sevilla 2006 SL","publisher":{"@id":"https:\/\/serinemsevilla.com\/#organization"},"potentialAction":[{"@type":"SearchAction","target":{"@type":"EntryPoint","urlTemplate":"https:\/\/serinemsevilla.com\/?s={search_term_string}"},"query-input":{"@type":"PropertyValueSpecification","valueRequired":true,"valueName":"search_term_string"}}],"inLanguage":"en-GB"},{"@type":"Organization","@id":"https:\/\/serinemsevilla.com\/#organization","name":"Serinem Sevilla 2006 SL","url":"https:\/\/serinemsevilla.com\/","logo":{"@type":"ImageObject","inLanguage":"en-GB","@id":"https:\/\/serinemsevilla.com\/#\/schema\/logo\/image\/","url":"https:\/\/serinemsevilla.com\/wp-content\/uploads\/2026\/01\/logo_web.png","contentUrl":"https:\/\/serinemsevilla.com\/wp-content\/uploads\/2026\/01\/logo_web.png","width":1080,"height":1080,"caption":"Serinem Sevilla 2006 SL"},"image":{"@id":"https:\/\/serinemsevilla.com\/#\/schema\/logo\/image\/"}}]}},"_links":{"self":[{"href":"https:\/\/serinemsevilla.com\/en\/wp-json\/wp\/v2\/pages\/2","targetHints":{"allow":["GET"]}}],"collection":[{"href":"https:\/\/serinemsevilla.com\/en\/wp-json\/wp\/v2\/pages"}],"about":[{"href":"https:\/\/serinemsevilla.com\/en\/wp-json\/wp\/v2\/types\/page"}],"author":[{"embeddable":true,"href":"https:\/\/serinemsevilla.com\/en\/wp-json\/wp\/v2\/users\/1"}],"replies":[{"embeddable":true,"href":"https:\/\/serinemsevilla.com\/en\/wp-json\/wp\/v2\/comments?post=2"}],"version-history":[{"count":109,"href":"https:\/\/serinemsevilla.com\/en\/wp-json\/wp\/v2\/pages\/2\/revisions"}],"predecessor-version":[{"id":344,"href":"https:\/\/serinemsevilla.com\/en\/wp-json\/wp\/v2\/pages\/2\/revisions\/344"}],"wp:attachment":[{"href":"https:\/\/serinemsevilla.com\/en\/wp-json\/wp\/v2\/media?parent=2"}],"curies":[{"name":"wp","href":"https:\/\/api.w.org\/{rel}","templated":true}]}}